{"id":24230,"date":"2022-05-20T12:04:36","date_gmt":"2022-05-20T10:04:36","guid":{"rendered":"https:\/\/www.quatuor-transactions.com\/contact\/"},"modified":"2024-07-04T10:27:58","modified_gmt":"2024-07-04T08:27:58","slug":"contact","status":"publish","type":"page","link":"https:\/\/www.quatuor-transactions.com\/en\/contact\/","title":{"rendered":"Contact"},"content":{"rendered":"<h1>Contact <\/h1>\n<p>\t\t\t\t\t\t\t\u00ab\u00a0*\u00a0\u00bb indique les champs n\u00e9cessaires<\/p>\n<p>                        Nom* Pr\u00e9nom* Email*<\/p>\n<p>                        T\u00e9l\u00e9phone* Votre messageSans titre<\/p>\n<p>\t\t\t\t\t\t\t\tJ&#8217;autorise Quatuor Transactions \u00e0 me contacter par e-mail (newsletter, s\u00e9lection de biens, alertes mails)<br \/>\n\t\t\t\t\t\t\tRGPD* J\u2019accepte la politique de confidentialit\u00e9.*<\/p>\n<p>gform.initializeOnLoaded( function() {gformInitSpinner( 2, &#8216;https:\/\/www.quatuor-transactions.com\/wp-content\/plugins\/gravityforms\/images\/spinner.svg&#8217;, true );jQuery(&#8216;#gform_ajax_frame_2&#8217;).on(&#8216;load&#8217;,function(){var contents = jQuery(this).contents().find(&#8216;*&#8217;).html();var is_postback = contents.indexOf(&#8216;GF_AJAX_POSTBACK&#8217;) >= 0;if(!is_postback){return;}var form_content = jQuery(this).contents().find(&#8216;#gform_wrapper_2&#8217;);var is_confirmation = jQuery(this).contents().find(&#8216;#gform_confirmation_wrapper_2&#8217;).length > 0;var is_redirect = contents.indexOf(&#8216;gformRedirect(){&#8216;) >= 0;var is_form = form_content.length > 0 &#038;&#038; ! is_redirect &#038;&#038; ! is_confirmation;var mt = parseInt(jQuery(&#8216;html&#8217;).css(&#8216;margin-top&#8217;), 10) + parseInt(jQuery(&#8216;body&#8217;).css(&#8216;margin-top&#8217;), 10) + 100;if(is_form){jQuery(&#8216;#gform_wrapper_2&#8217;).html(form_content.html());if(form_content.hasClass(&#8216;gform_validation_error&#8217;)){jQuery(&#8216;#gform_wrapper_2&#8217;).addClass(&#8216;gform_validation_error&#8217;);} else {jQuery(&#8216;#gform_wrapper_2&#8217;).removeClass(&#8216;gform_validation_error&#8217;);}setTimeout( function() { \/* delay the scroll by 50 milliseconds to fix a bug in chrome *\/ jQuery(document).scrollTop(jQuery(&#8216;#gform_wrapper_2&#8217;).offset().top &#8211; mt); }, 50 );if(window[&#8216;gformInitDatepicker&#8217;]) {gformInitDatepicker();}if(window[&#8216;gformInitPriceFields&#8217;]) {gformInitPriceFields();}var current_page = jQuery(&#8216;#gform_source_page_number_2&#8217;).val();gformInitSpinner( 2, &#8216;https:\/\/www.quatuor-transactions.com\/wp-content\/plugins\/gravityforms\/images\/spinner.svg&#8217;, true );jQuery(document).trigger(&#8216;gform_page_loaded&#8217;, [2, current_page]);window[&#8216;gf_submitting_2&#8217;] = false;}else if(!is_redirect){var confirmation_content = jQuery(this).contents().find(&#8216;.GF_AJAX_POSTBACK&#8217;).html();if(!confirmation_content){confirmation_content = contents;}jQuery(&#8216;#gform_wrapper_2&#8217;).replaceWith(confirmation_content);jQuery(document).scrollTop(jQuery(&#8216;#gf_2&#8217;).offset().top &#8211; mt);jQuery(document).trigger(&#8216;gform_confirmation_loaded&#8217;, [2]);window[&#8216;gf_submitting_2&#8217;] = false;wp.a11y.speak(jQuery(&#8216;#gform_confirmation_message_2&#8217;).text());}else{jQuery(&#8216;#gform_2&#8217;).append(contents);if(window[&#8216;gformRedirect&#8217;]) {gformRedirect();}}jQuery(document).trigger(&#8220;gform_pre_post_render&#8221;, [{ formId: &#8220;2&#8221;, currentPage: &#8220;current_page&#8221;, abort: function() { this.preventDefault(); } }]);                if (event &#038;&#038; event.defaultPrevented) {                return;         }        const gformWrapperDiv = document.getElementById( &#8220;gform_wrapper_2&#8221; );        if ( gformWrapperDiv ) {            const visibilitySpan = document.createElement( &#8220;span&#8221; );            visibilitySpan.id = &#8220;gform_visibility_test_2&#8221;;            gformWrapperDiv.insertAdjacentElement( &#8220;afterend&#8221;, visibilitySpan );        }        const visibilityTestDiv = document.getElementById( &#8220;gform_visibility_test_2&#8221; );        let postRenderFired = false;                function triggerPostRender() {            if ( postRenderFired ) {                return;            }            postRenderFired = true;            jQuery( document ).trigger( &#8216;gform_post_render&#8217;, [2, current_page] );            gform.utils.trigger( { event: &#8216;gform\/postRender&#8217;, native: false, data: { formId: 2, currentPage: current_page } } );            if ( visibilityTestDiv ) {                visibilityTestDiv.parentNode.removeChild( visibilityTestDiv );            }        }        function debounce( func, wait, immediate ) {            var timeout;            return function() {                var context = this, args = arguments;                var later = function() {                    timeout = null;                    if ( !immediate ) func.apply( context, args );                };                var callNow = immediate &#038;&#038; !timeout;                clearTimeout( timeout );                timeout = setTimeout( later, wait );                if ( callNow ) func.apply( context, args );            };        }        const debouncedTriggerPostRender = debounce( function() {            triggerPostRender();        }, 200 );        if ( visibilityTestDiv &#038;&#038; visibilityTestDiv.offsetParent === null ) {            const observer = new MutationObserver( ( mutations ) => {                mutations.forEach( ( mutation ) => {                    if ( mutation.type === &#8216;attributes&#8217; &#038;&#038; visibilityTestDiv.offsetParent !== null ) {                        debouncedTriggerPostRender();                        observer.disconnect();                    }                });            });            observer.observe( document.body, {                attributes: true,                childList: false,                subtree: true,                attributeFilter: [ &#8216;style&#8217;, &#8216;class&#8217; ],            });        } else {            triggerPostRender();        }    } );} );<\/p>\n","protected":false},"excerpt":{"rendered":"<p>Contact \u00ab\u00a0*\u00a0\u00bb indique les champs n\u00e9cessaires Nom* Pr\u00e9nom* Email* T\u00e9l\u00e9phone* Votre messageSans titre J&#8217;autorise Quatuor Transactions \u00e0 me contacter par e-mail (newsletter, s\u00e9lection de biens, alertes mails) RGPD* J\u2019accepte la politique de confidentialit\u00e9.* gform.initializeOnLoaded( function() {gformInitSpinner( 2, &#8216;https:\/\/www.quatuor-transactions.com\/wp-content\/plugins\/gravityforms\/images\/spinner.svg&#8217;, true );jQuery(&#8216;#gform_ajax_frame_2&#8217;).on(&#8216;load&#8217;,function(){var contents = jQuery(this).contents().find(&#8216;*&#8217;).html();var is_postback = contents.indexOf(&#8216;GF_AJAX_POSTBACK&#8217;) >= 0;if(!is_postback){return;}var form_content = jQuery(this).contents().find(&#8216;#gform_wrapper_2&#8217;);var is_confirmation = jQuery(this).contents().find(&#8216;#gform_confirmation_wrapper_2&#8217;).length > [&hellip;]<\/p>\n","protected":false},"author":1,"featured_media":237567,"parent":0,"menu_order":0,"comment_status":"closed","ping_status":"closed","template":"","meta":{"_acf_changed":false,"footnotes":""},"class_list":["post-24230","page","type-page","status-publish","has-post-thumbnail","hentry"],"acf":[],"yoast_head":"<!-- This site is optimized with the Yoast SEO plugin v27.5 - https:\/\/yoast.com\/product\/yoast-seo-wordpress\/ -->\n<title>Contact | Quatuor Transactions<\/title>\n<meta name=\"robots\" content=\"index, follow, max-snippet:-1, max-image-preview:large, max-video-preview:-1\" \/>\n<link rel=\"canonical\" href=\"https:\/\/www.quatuor-transactions.com\/en\/contact\/\" \/>\n<meta property=\"og:locale\" content=\"en_US\" \/>\n<meta property=\"og:type\" content=\"article\" \/>\n<meta property=\"og:title\" content=\"Contact | Quatuor Transactions\" \/>\n<meta property=\"og:description\" content=\"Contact \u00ab\u00a0*\u00a0\u00bb indique les champs n\u00e9cessaires Nom* Pr\u00e9nom* Email* T\u00e9l\u00e9phone* Votre messageSans titre J&#8217;autorise Quatuor Transactions \u00e0 me contacter par e-mail (newsletter, s\u00e9lection de biens, alertes mails) RGPD* J\u2019accepte la politique de confidentialit\u00e9.* gform.initializeOnLoaded( function() {gformInitSpinner( 2, &#8216;https:\/\/www.quatuor-transactions.com\/wp-content\/plugins\/gravityforms\/images\/spinner.svg&#8217;, true );jQuery(&#8216;#gform_ajax_frame_2&#8217;).on(&#8216;load&#8217;,function(){var contents = jQuery(this).contents().find(&#8216;*&#8217;).html();var is_postback = contents.indexOf(&#8216;GF_AJAX_POSTBACK&#8217;) &gt;= 0;if(!is_postback){return;}var form_content = jQuery(this).contents().find(&#8216;#gform_wrapper_2&#8217;);var is_confirmation = jQuery(this).contents().find(&#8216;#gform_confirmation_wrapper_2&#8217;).length &gt; [&hellip;]\" \/>\n<meta property=\"og:url\" content=\"https:\/\/www.quatuor-transactions.com\/en\/contact\/\" \/>\n<meta property=\"og:site_name\" content=\"Quatuor Transactions\" \/>\n<meta property=\"article:publisher\" content=\"https:\/\/www.facebook.com\/quatuor.transactions\/\" \/>\n<meta property=\"article:modified_time\" content=\"2024-07-04T08:27:58+00:00\" \/>\n<meta property=\"og:image\" content=\"https:\/\/www.quatuor-transactions.com\/wp-content\/uploads\/2024\/04\/fond-image-herozone-4-propositions-1.jpg\" \/>\n\t<meta property=\"og:image:width\" content=\"1919\" \/>\n\t<meta property=\"og:image:height\" content=\"656\" \/>\n\t<meta property=\"og:image:type\" content=\"image\/jpeg\" \/>\n<meta name=\"twitter:card\" content=\"summary_large_image\" \/>\n<meta name=\"twitter:site\" content=\"@QuatuorTransac\" \/>\n<meta name=\"twitter:label1\" content=\"Est. reading time\" \/>\n\t<meta name=\"twitter:data1\" content=\"2 minutes\" \/>\n<script type=\"application\/ld+json\" class=\"yoast-schema-graph\">{\"@context\":\"https:\\\/\\\/schema.org\",\"@graph\":[{\"@type\":\"WebPage\",\"@id\":\"https:\\\/\\\/www.quatuor-transactions.com\\\/en\\\/contact\\\/\",\"url\":\"https:\\\/\\\/www.quatuor-transactions.com\\\/en\\\/contact\\\/\",\"name\":\"Contact | Quatuor Transactions\",\"isPartOf\":{\"@id\":\"https:\\\/\\\/www.quatuor-transactions.com\\\/en\\\/#website\"},\"primaryImageOfPage\":{\"@id\":\"https:\\\/\\\/www.quatuor-transactions.com\\\/en\\\/contact\\\/#primaryimage\"},\"image\":{\"@id\":\"https:\\\/\\\/www.quatuor-transactions.com\\\/en\\\/contact\\\/#primaryimage\"},\"thumbnailUrl\":\"https:\\\/\\\/www.quatuor-transactions.com\\\/wp-content\\\/uploads\\\/2025\\\/05\\\/pexels-ricke-lerey-405510-4139341-scaled.jpg\",\"datePublished\":\"2022-05-20T10:04:36+00:00\",\"dateModified\":\"2024-07-04T08:27:58+00:00\",\"breadcrumb\":{\"@id\":\"https:\\\/\\\/www.quatuor-transactions.com\\\/en\\\/contact\\\/#breadcrumb\"},\"inLanguage\":\"en-US\",\"potentialAction\":[{\"@type\":\"ReadAction\",\"target\":[\"https:\\\/\\\/www.quatuor-transactions.com\\\/en\\\/contact\\\/\"]}]},{\"@type\":\"ImageObject\",\"inLanguage\":\"en-US\",\"@id\":\"https:\\\/\\\/www.quatuor-transactions.com\\\/en\\\/contact\\\/#primaryimage\",\"url\":\"https:\\\/\\\/www.quatuor-transactions.com\\\/wp-content\\\/uploads\\\/2025\\\/05\\\/pexels-ricke-lerey-405510-4139341-scaled.jpg\",\"contentUrl\":\"https:\\\/\\\/www.quatuor-transactions.com\\\/wp-content\\\/uploads\\\/2025\\\/05\\\/pexels-ricke-lerey-405510-4139341-scaled.jpg\",\"width\":2048,\"height\":1356},{\"@type\":\"BreadcrumbList\",\"@id\":\"https:\\\/\\\/www.quatuor-transactions.com\\\/en\\\/contact\\\/#breadcrumb\",\"itemListElement\":[{\"@type\":\"ListItem\",\"position\":1,\"name\":\"Home\",\"item\":\"https:\\\/\\\/www.quatuor-transactions.com\\\/en\\\/\"},{\"@type\":\"ListItem\",\"position\":2,\"name\":\"Contact\"}]},{\"@type\":\"WebSite\",\"@id\":\"https:\\\/\\\/www.quatuor-transactions.com\\\/en\\\/#website\",\"url\":\"https:\\\/\\\/www.quatuor-transactions.com\\\/en\\\/\",\"name\":\"Quatuor Transactions\",\"description\":\"Transactions agricoles\",\"publisher\":{\"@id\":\"https:\\\/\\\/www.quatuor-transactions.com\\\/en\\\/#organization\"},\"potentialAction\":[{\"@type\":\"SearchAction\",\"target\":{\"@type\":\"EntryPoint\",\"urlTemplate\":\"https:\\\/\\\/www.quatuor-transactions.com\\\/en\\\/?s={search_term_string}\"},\"query-input\":{\"@type\":\"PropertyValueSpecification\",\"valueRequired\":true,\"valueName\":\"search_term_string\"}}],\"inLanguage\":\"en-US\"},{\"@type\":\"Organization\",\"@id\":\"https:\\\/\\\/www.quatuor-transactions.com\\\/en\\\/#organization\",\"name\":\"Quatuor Transactions\",\"alternateName\":\"Quatuor\",\"url\":\"https:\\\/\\\/www.quatuor-transactions.com\\\/en\\\/\",\"logo\":{\"@type\":\"ImageObject\",\"inLanguage\":\"en-US\",\"@id\":\"https:\\\/\\\/www.quatuor-transactions.com\\\/en\\\/#\\\/schema\\\/logo\\\/image\\\/\",\"url\":\"https:\\\/\\\/www.quatuor-transactions.com\\\/wp-content\\\/uploads\\\/2024\\\/04\\\/logo-quatuor.png\",\"contentUrl\":\"https:\\\/\\\/www.quatuor-transactions.com\\\/wp-content\\\/uploads\\\/2024\\\/04\\\/logo-quatuor.png\",\"width\":338,\"height\":90,\"caption\":\"Quatuor Transactions\"},\"image\":{\"@id\":\"https:\\\/\\\/www.quatuor-transactions.com\\\/en\\\/#\\\/schema\\\/logo\\\/image\\\/\"},\"sameAs\":[\"https:\\\/\\\/www.facebook.com\\\/quatuor.transactions\\\/\",\"https:\\\/\\\/x.com\\\/QuatuorTransac\",\"https:\\\/\\\/www.linkedin.com\\\/company\\\/quatuor-transactions?trk=top_nav_home\"]}]}<\/script>\n<!-- \/ Yoast SEO plugin. -->","yoast_head_json":{"title":"Contact | Quatuor Transactions","robots":{"index":"index","follow":"follow","max-snippet":"max-snippet:-1","max-image-preview":"max-image-preview:large","max-video-preview":"max-video-preview:-1"},"canonical":"https:\/\/www.quatuor-transactions.com\/en\/contact\/","og_locale":"en_US","og_type":"article","og_title":"Contact | Quatuor Transactions","og_description":"Contact \u00ab\u00a0*\u00a0\u00bb indique les champs n\u00e9cessaires Nom* Pr\u00e9nom* Email* T\u00e9l\u00e9phone* Votre messageSans titre J&#8217;autorise Quatuor Transactions \u00e0 me contacter par e-mail (newsletter, s\u00e9lection de biens, alertes mails) RGPD* J\u2019accepte la politique de confidentialit\u00e9.* gform.initializeOnLoaded( function() {gformInitSpinner( 2, &#8216;https:\/\/www.quatuor-transactions.com\/wp-content\/plugins\/gravityforms\/images\/spinner.svg&#8217;, true );jQuery(&#8216;#gform_ajax_frame_2&#8217;).on(&#8216;load&#8217;,function(){var contents = jQuery(this).contents().find(&#8216;*&#8217;).html();var is_postback = contents.indexOf(&#8216;GF_AJAX_POSTBACK&#8217;) >= 0;if(!is_postback){return;}var form_content = jQuery(this).contents().find(&#8216;#gform_wrapper_2&#8217;);var is_confirmation = jQuery(this).contents().find(&#8216;#gform_confirmation_wrapper_2&#8217;).length > [&hellip;]","og_url":"https:\/\/www.quatuor-transactions.com\/en\/contact\/","og_site_name":"Quatuor Transactions","article_publisher":"https:\/\/www.facebook.com\/quatuor.transactions\/","article_modified_time":"2024-07-04T08:27:58+00:00","og_image":[{"width":1919,"height":656,"url":"https:\/\/www.quatuor-transactions.com\/wp-content\/uploads\/2024\/04\/fond-image-herozone-4-propositions-1.jpg","type":"image\/jpeg"}],"twitter_card":"summary_large_image","twitter_site":"@QuatuorTransac","twitter_misc":{"Est. reading time":"2 minutes"},"schema":{"@context":"https:\/\/schema.org","@graph":[{"@type":"WebPage","@id":"https:\/\/www.quatuor-transactions.com\/en\/contact\/","url":"https:\/\/www.quatuor-transactions.com\/en\/contact\/","name":"Contact | Quatuor Transactions","isPartOf":{"@id":"https:\/\/www.quatuor-transactions.com\/en\/#website"},"primaryImageOfPage":{"@id":"https:\/\/www.quatuor-transactions.com\/en\/contact\/#primaryimage"},"image":{"@id":"https:\/\/www.quatuor-transactions.com\/en\/contact\/#primaryimage"},"thumbnailUrl":"https:\/\/www.quatuor-transactions.com\/wp-content\/uploads\/2025\/05\/pexels-ricke-lerey-405510-4139341-scaled.jpg","datePublished":"2022-05-20T10:04:36+00:00","dateModified":"2024-07-04T08:27:58+00:00","breadcrumb":{"@id":"https:\/\/www.quatuor-transactions.com\/en\/contact\/#breadcrumb"},"inLanguage":"en-US","potentialAction":[{"@type":"ReadAction","target":["https:\/\/www.quatuor-transactions.com\/en\/contact\/"]}]},{"@type":"ImageObject","inLanguage":"en-US","@id":"https:\/\/www.quatuor-transactions.com\/en\/contact\/#primaryimage","url":"https:\/\/www.quatuor-transactions.com\/wp-content\/uploads\/2025\/05\/pexels-ricke-lerey-405510-4139341-scaled.jpg","contentUrl":"https:\/\/www.quatuor-transactions.com\/wp-content\/uploads\/2025\/05\/pexels-ricke-lerey-405510-4139341-scaled.jpg","width":2048,"height":1356},{"@type":"BreadcrumbList","@id":"https:\/\/www.quatuor-transactions.com\/en\/contact\/#breadcrumb","itemListElement":[{"@type":"ListItem","position":1,"name":"Home","item":"https:\/\/www.quatuor-transactions.com\/en\/"},{"@type":"ListItem","position":2,"name":"Contact"}]},{"@type":"WebSite","@id":"https:\/\/www.quatuor-transactions.com\/en\/#website","url":"https:\/\/www.quatuor-transactions.com\/en\/","name":"Quatuor Transactions","description":"Transactions agricoles","publisher":{"@id":"https:\/\/www.quatuor-transactions.com\/en\/#organization"},"potentialAction":[{"@type":"SearchAction","target":{"@type":"EntryPoint","urlTemplate":"https:\/\/www.quatuor-transactions.com\/en\/?s={search_term_string}"},"query-input":{"@type":"PropertyValueSpecification","valueRequired":true,"valueName":"search_term_string"}}],"inLanguage":"en-US"},{"@type":"Organization","@id":"https:\/\/www.quatuor-transactions.com\/en\/#organization","name":"Quatuor Transactions","alternateName":"Quatuor","url":"https:\/\/www.quatuor-transactions.com\/en\/","logo":{"@type":"ImageObject","inLanguage":"en-US","@id":"https:\/\/www.quatuor-transactions.com\/en\/#\/schema\/logo\/image\/","url":"https:\/\/www.quatuor-transactions.com\/wp-content\/uploads\/2024\/04\/logo-quatuor.png","contentUrl":"https:\/\/www.quatuor-transactions.com\/wp-content\/uploads\/2024\/04\/logo-quatuor.png","width":338,"height":90,"caption":"Quatuor Transactions"},"image":{"@id":"https:\/\/www.quatuor-transactions.com\/en\/#\/schema\/logo\/image\/"},"sameAs":["https:\/\/www.facebook.com\/quatuor.transactions\/","https:\/\/x.com\/QuatuorTransac","https:\/\/www.linkedin.com\/company\/quatuor-transactions?trk=top_nav_home"]}]}},"_links":{"self":[{"href":"https:\/\/www.quatuor-transactions.com\/en\/wp-json\/wp\/v2\/pages\/24230","targetHints":{"allow":["GET"]}}],"collection":[{"href":"https:\/\/www.quatuor-transactions.com\/en\/wp-json\/wp\/v2\/pages"}],"about":[{"href":"https:\/\/www.quatuor-transactions.com\/en\/wp-json\/wp\/v2\/types\/page"}],"author":[{"embeddable":true,"href":"https:\/\/www.quatuor-transactions.com\/en\/wp-json\/wp\/v2\/users\/1"}],"replies":[{"embeddable":true,"href":"https:\/\/www.quatuor-transactions.com\/en\/wp-json\/wp\/v2\/comments?post=24230"}],"version-history":[{"count":1,"href":"https:\/\/www.quatuor-transactions.com\/en\/wp-json\/wp\/v2\/pages\/24230\/revisions"}],"predecessor-version":[{"id":24231,"href":"https:\/\/www.quatuor-transactions.com\/en\/wp-json\/wp\/v2\/pages\/24230\/revisions\/24231"}],"wp:featuredmedia":[{"embeddable":true,"href":"https:\/\/www.quatuor-transactions.com\/en\/wp-json\/wp\/v2\/media\/237567"}],"wp:attachment":[{"href":"https:\/\/www.quatuor-transactions.com\/en\/wp-json\/wp\/v2\/media?parent=24230"}],"curies":[{"name":"wp","href":"https:\/\/api.w.org\/{rel}","templated":true}]}}